{"id":1968,"date":"2025-10-06T17:11:03","date_gmt":"2025-10-06T17:11:03","guid":{"rendered":"https:\/\/ilogistic.hu\/?page_id=1968"},"modified":"2025-11-06T14:17:27","modified_gmt":"2025-11-06T14:17:27","slug":"visszaeles-bejelentes","status":"publish","type":"page","link":"https:\/\/ilogistic.hu\/en\/visszaeles-bejelentes\/","title":{"rendered":"Report abuse"},"content":{"rendered":"<div data-elementor-type=\"wp-page\" data-elementor-id=\"1968\" class=\"elementor elementor-1968\" data-elementor-post-type=\"page\">\n\t\t\t\t<div class=\"elementor-element elementor-element-4b3cf92 e-con-full e-flex e-con e-parent\" data-id=\"4b3cf92\" data-element_type=\"container\" data-e-type=\"container\" data-settings=\"{&quot;background_background&quot;:&quot;classic&quot;}\">\n\t\t<div class=\"elementor-element elementor-element-7174b50 e-con-full e-flex e-con e-child\" data-id=\"7174b50\" data-element_type=\"container\" data-e-type=\"container\">\n\t\t\t\t<div class=\"elementor-element elementor-element-b5498ee elementor-widget__width-initial elementor-widget elementor-widget-heading\" data-id=\"b5498ee\" data-element_type=\"widget\" data-e-type=\"widget\" data-widget_type=\"heading.default\">\n\t\t\t\t\t<div class=\"elementor-heading-title elementor-size-default\">Abuse reporting system<\/div>\t\t\t\t<\/div>\n\t\t\t\t<div class=\"elementor-element elementor-element-bd3d914 elementor-widget__width-initial elementor-widget elementor-widget-text-editor\" data-id=\"bd3d914\" data-element_type=\"widget\" data-e-type=\"widget\" data-widget_type=\"text-editor.default\">\n\t\t\t\t\t\t\t\t\t<p>As a member of the GLS Group, iLogistic Kft. operates a whistleblowing system in compliance with its obligations under Act XXV of 2023 on complaints, reports in the public interest, and rules relating to the reporting of abuse (Complaints Act). The abuse reporting system allows employees, business partners, and other stakeholders of iLogistic Kft. to report illegal or suspected illegal acts or omissions, as well as information related to them.<\/p><p>iLogistic Kft. provides the following channels for reporting abuse:<\/p><ul><li><a href=\"https:\/\/gls.integrityline.com\/setup\">EQS Integrity Line\u00a0<\/a><\/li><li>Dr. Rainer Bucher, patent attorney<\/li><\/ul><p>Reports can be made in the following ways:<\/p><ul><li>electronically via the EQS Integrity Line website;<\/li><li>verbally, by telephone, or by voice recording;<\/li><li>in writing, by letter sent to a postal address, or electronically in the form of an email message, and also to the designated \"<a href=\"https:\/\/www.ombudsperson-frankfurt.de\/hu\/kapcsolatfelveteli\/?company=GLS\">Contact form<\/a>\" submission<\/li><\/ul><p>The reporting person is entitled to make the report anonymously, without providing their personal details. However, the investigation may be omitted if the right to report cannot be established, or if the person concerned by the report or the content of the report cannot be identified.<\/p><p><strong>All reports are treated confidentially!<\/strong><\/p><p>We would like to draw your attention to the fact that you will only enjoy the protection of the Complaints Act if, at the time of reporting, there were sufficient grounds to believe that your report was true.<\/p><h2>Contact details:<\/h2><p><a href=\"https:\/\/gls.integrityline.com\/setup\">EQS Integrity Line<\/a><br \/>and<br \/>Dr. Rainer Buchert \u2013 \u00fcgyv\u00e9d,<br \/>Kaiserstra\u00dfe 22,<br \/>60311 Frankfurt am Main \/ N\u00e9metorsz\u00e1g<br \/>Tel: <a href=\"tel:+496971033330\">+49 69 710 33 330<\/a> vagy <a href=\"tel:+496105921355\">+49 6105 92 1355<\/a><br \/>Fax: +49 69 710 34 444<br \/>E-mail: <a href=\"mailto:kanzlei@dr-buchert.de?subject=\">kanzlei@dr-buchert.de<\/a><\/p><h2><a href=\"https:\/\/www.ombudsperson-frankfurt.de\/hu\/kapcsolatfelveteli\/?company=GLS\">Contact form<\/a><\/h2><h2>Supervisory authorities<\/h2><p>You can contact the employment supervisory authority regarding the establishment of the abuse reporting system and violations of the provisions governing its operation.<\/p><p>During the operation of the reporting system, the National Authority for Data Protection and Freedom of Information may initiate proceedings in connection with violations of the GDPR.<\/p><p>You may initiate administrative proceedings with the administrative authority exercising general administrative jurisdiction if you experience the application of a disadvantageous measure specified in the Complaints Act, or the obstruction or attempted obstruction of reporting abuse.<\/p><p>As a data controller, iLogistic Kft. handles personal data obtained during the procedure in accordance with the provisions of the GDPR (1) and the Information Act (2), as well as the provisions of the Complaints Act.<\/p><ol><li>(1) Regulation (EU) 2016\/679 of the European Parliament and of the Council on the protection of natural persons with regard to the processing of personal data and on the free movement of such data, and repealing Directive 95\/46\/EC<\/li><li>(2) Act CXII of 2011 on the right to self-determination in information and freedom of information<\/li><\/ol><h2>DATA PROCESSING RELATED TO REPORTING ABUSE<\/h2><p><strong>Purpose of data processing:<\/strong> Act XXV of 2023 on complaints, reports in the public interest, and rules relating to the reporting of abuses (\"Complaints Act\") Compliance with legal obligations, which includes the possibility of reporting information (\"Complaint\") to the Data Controller regarding unlawful or suspected unlawful acts or omissions, or other abuses. The Data Controller shall investigate such Complaints and inform the reporting person thereof.<\/p><p><strong>Legal basis for data processing:<\/strong> Compliance with legal obligations (The legal obligation is based on the Complaints Act.)<\/p><p><strong>Scope of data processed:<\/strong> Name, email address, telephone number, other personal data provided by the Data Subject for the investigation of the Complaint (e.g., position)<\/p><p><strong>Data storage period:<\/strong> Until the notification has been processed, the related procedures have been completed, and the limitation period for enforcing related claims has expired, but for no longer than 5 (five) years.<\/p>\t\t\t\t\t\t\t\t<\/div>\n\t\t\t\t<\/div>\n\t\t\t\t<div class=\"elementor-element elementor-element-95aea43 elementor-absolute elementor-widget elementor-widget-image\" data-id=\"95aea43\" data-element_type=\"widget\" data-e-type=\"widget\" data-settings=\"{&quot;_position&quot;:&quot;absolute&quot;}\" data-widget_type=\"image.default\">\n\t\t\t\t\t\t\t\t\t\t\t\t\t\t\t<img fetchpriority=\"high\" decoding=\"async\" width=\"1059\" height=\"1238\" src=\"https:\/\/ilogistic.hu\/wp-content\/uploads\/2025\/09\/decoration-bloom-full.svg\" class=\"attachment-full size-full wp-image-1308\" alt=\"\" \/>\t\t\t\t\t\t\t\t\t\t\t\t\t\t\t<\/div>\n\t\t\t\t<div class=\"elementor-element elementor-element-01e8dc8 elementor-absolute elementor-widget elementor-widget-image\" data-id=\"01e8dc8\" data-element_type=\"widget\" data-e-type=\"widget\" data-settings=\"{&quot;_position&quot;:&quot;absolute&quot;}\" data-widget_type=\"image.default\">\n\t\t\t\t\t\t\t\t\t\t\t\t\t\t\t<img fetchpriority=\"high\" decoding=\"async\" width=\"1059\" height=\"1238\" src=\"https:\/\/ilogistic.hu\/wp-content\/uploads\/2025\/09\/decoration-bloom-full.svg\" class=\"attachment-full size-full wp-image-1308\" alt=\"\" \/>\t\t\t\t\t\t\t\t\t\t\t\t\t\t\t<\/div>\n\t\t\t\t<\/div>\n\t\t\t\t<\/div>","protected":false},"excerpt":{"rendered":"<p>Vissza\u00e9l\u00e9s-bejelent\u0151 rendszer Az iLogistic Kft., mint a GLS csoport tagja a panaszokr\u00f3l, a k\u00f6z\u00e9rdek\u0171 bejelent\u00e9sekr\u0151l, valamint a vissza\u00e9l\u00e9sek bejelent\u00e9s\u00e9vel \u00f6sszef\u00fcgg\u0151 szab\u00e1lyokr\u00f3l sz\u00f3l\u00f3 2023. \u00e9vi XXV. t\u00f6rv\u00e9ny (Panaszt\u00f6rv\u00e9ny) \u00e1ltal meghat\u00e1rozott k\u00f6telezetts\u00e9g\u00e9nek eleget t\u00e9ve vissza\u00e9l\u00e9s-bejelent\u00e9si rendszert m\u0171k\u00f6dtet. A vissza\u00e9l\u00e9s-bejelent\u00e9si rendszer lehet\u0151v\u00e9 teszi, hogy az iLogistic Kft. munkav\u00e1llal\u00f3i, \u00fczleti partnerei \u00e9s egy\u00e9b \u00e9rdekeltek jogellenes vagy jogellenesnek felt\u00e9telezett cselekm\u00e9nyr\u0151l [&hellip;]<\/p>\n","protected":false},"author":1,"featured_media":0,"parent":0,"menu_order":0,"comment_status":"closed","ping_status":"closed","template":"","meta":{"_acf_changed":false,"footnotes":""},"class_list":["post-1968","page","type-page","status-publish","hentry"],"acf":[],"yoast_head":"<!-- This site is optimized with the Yoast SEO plugin v27.1.1 - https:\/\/yoast.com\/product\/yoast-seo-wordpress\/ -->\n<title>Vissza\u00e9l\u00e9s bejelent\u00e9se - ilogistic<\/title>\n<meta name=\"robots\" content=\"index, follow, max-snippet:-1, max-image-preview:large, max-video-preview:-1\" \/>\n<link rel=\"canonical\" href=\"https:\/\/ilogistic.hu\/en\/visszaeles-bejelentes\/\" \/>\n<meta property=\"og:locale\" content=\"en_US\" \/>\n<meta property=\"og:type\" content=\"article\" \/>\n<meta property=\"og:title\" content=\"Vissza\u00e9l\u00e9s bejelent\u00e9se - ilogistic\" \/>\n<meta property=\"og:description\" content=\"Vissza\u00e9l\u00e9s-bejelent\u0151 rendszer Az iLogistic Kft., mint a GLS csoport tagja a panaszokr\u00f3l, a k\u00f6z\u00e9rdek\u0171 bejelent\u00e9sekr\u0151l, valamint a vissza\u00e9l\u00e9sek bejelent\u00e9s\u00e9vel \u00f6sszef\u00fcgg\u0151 szab\u00e1lyokr\u00f3l sz\u00f3l\u00f3 2023. \u00e9vi XXV. t\u00f6rv\u00e9ny (Panaszt\u00f6rv\u00e9ny) \u00e1ltal meghat\u00e1rozott k\u00f6telezetts\u00e9g\u00e9nek eleget t\u00e9ve vissza\u00e9l\u00e9s-bejelent\u00e9si rendszert m\u0171k\u00f6dtet. A vissza\u00e9l\u00e9s-bejelent\u00e9si rendszer lehet\u0151v\u00e9 teszi, hogy az iLogistic Kft. munkav\u00e1llal\u00f3i, \u00fczleti partnerei \u00e9s egy\u00e9b \u00e9rdekeltek jogellenes vagy jogellenesnek felt\u00e9telezett cselekm\u00e9nyr\u0151l [&hellip;]\" \/>\n<meta property=\"og:url\" content=\"https:\/\/ilogistic.hu\/en\/visszaeles-bejelentes\/\" \/>\n<meta property=\"og:site_name\" content=\"ilogistic\" \/>\n<meta property=\"article:publisher\" content=\"https:\/\/www.facebook.com\/iLogistickft\" \/>\n<meta property=\"article:modified_time\" content=\"2025-11-06T14:17:27+00:00\" \/>\n<meta property=\"og:image\" content=\"https:\/\/ilogistic.hu\/wp-content\/uploads\/2025\/09\/decoration-bloom-full.svg\" \/>\n<meta name=\"twitter:card\" content=\"summary_large_image\" \/>\n<meta name=\"twitter:label1\" content=\"Est. reading time\" \/>\n\t<meta name=\"twitter:data1\" content=\"3 minutes\" \/>\n<script type=\"application\/ld+json\" class=\"yoast-schema-graph\">{\"@context\":\"https:\/\/schema.org\",\"@graph\":[{\"@type\":\"WebPage\",\"@id\":\"https:\/\/ilogistic.hu\/visszaeles-bejelentes\/\",\"url\":\"https:\/\/ilogistic.hu\/visszaeles-bejelentes\/\",\"name\":\"Vissza\u00e9l\u00e9s bejelent\u00e9se - ilogistic\",\"isPartOf\":{\"@id\":\"https:\/\/ilogistic.hu\/#website\"},\"primaryImageOfPage\":{\"@id\":\"https:\/\/ilogistic.hu\/visszaeles-bejelentes\/#primaryimage\"},\"image\":{\"@id\":\"https:\/\/ilogistic.hu\/visszaeles-bejelentes\/#primaryimage\"},\"thumbnailUrl\":\"https:\/\/ilogistic.hu\/wp-content\/uploads\/2025\/09\/decoration-bloom-full.svg\",\"datePublished\":\"2025-10-06T17:11:03+00:00\",\"dateModified\":\"2025-11-06T14:17:27+00:00\",\"breadcrumb\":{\"@id\":\"https:\/\/ilogistic.hu\/visszaeles-bejelentes\/#breadcrumb\"},\"inLanguage\":\"en-US\",\"potentialAction\":[{\"@type\":\"ReadAction\",\"target\":[\"https:\/\/ilogistic.hu\/visszaeles-bejelentes\/\"]}]},{\"@type\":\"ImageObject\",\"inLanguage\":\"en-US\",\"@id\":\"https:\/\/ilogistic.hu\/visszaeles-bejelentes\/#primaryimage\",\"url\":\"https:\/\/ilogistic.hu\/wp-content\/uploads\/2025\/09\/decoration-bloom-full.svg\",\"contentUrl\":\"https:\/\/ilogistic.hu\/wp-content\/uploads\/2025\/09\/decoration-bloom-full.svg\"},{\"@type\":\"BreadcrumbList\",\"@id\":\"https:\/\/ilogistic.hu\/visszaeles-bejelentes\/#breadcrumb\",\"itemListElement\":[{\"@type\":\"ListItem\",\"position\":1,\"name\":\"Home\",\"item\":\"https:\/\/ilogistic.hu\/\"},{\"@type\":\"ListItem\",\"position\":2,\"name\":\"Vissza\u00e9l\u00e9s bejelent\u00e9se\"}]},{\"@type\":\"WebSite\",\"@id\":\"https:\/\/ilogistic.hu\/#website\",\"url\":\"https:\/\/ilogistic.hu\/\",\"name\":\"ilogistic\",\"description\":\"\",\"publisher\":{\"@id\":\"https:\/\/ilogistic.hu\/#organization\"},\"potentialAction\":[{\"@type\":\"SearchAction\",\"target\":{\"@type\":\"EntryPoint\",\"urlTemplate\":\"https:\/\/ilogistic.hu\/?s={search_term_string}\"},\"query-input\":{\"@type\":\"PropertyValueSpecification\",\"valueRequired\":true,\"valueName\":\"search_term_string\"}}],\"inLanguage\":\"en-US\"},{\"@type\":\"Organization\",\"@id\":\"https:\/\/ilogistic.hu\/#organization\",\"name\":\"ilogistic Kft.\",\"url\":\"https:\/\/ilogistic.hu\/\",\"logo\":{\"@type\":\"ImageObject\",\"inLanguage\":\"en-US\",\"@id\":\"https:\/\/ilogistic.hu\/#\/schema\/logo\/image\/\",\"url\":\"https:\/\/ilogistic.hu\/wp-content\/uploads\/2025\/09\/df41125117f48d2a02cf46d918987dcd.png\",\"contentUrl\":\"https:\/\/ilogistic.hu\/wp-content\/uploads\/2025\/09\/df41125117f48d2a02cf46d918987dcd.png\",\"width\":123,\"height\":24,\"caption\":\"ilogistic Kft.\"},\"image\":{\"@id\":\"https:\/\/ilogistic.hu\/#\/schema\/logo\/image\/\"},\"sameAs\":[\"https:\/\/www.facebook.com\/iLogistickft\"]}]}<\/script>\n<!-- \/ Yoast SEO plugin. -->","yoast_head_json":{"title":"Vissza\u00e9l\u00e9s bejelent\u00e9se - ilogistic","robots":{"index":"index","follow":"follow","max-snippet":"max-snippet:-1","max-image-preview":"max-image-preview:large","max-video-preview":"max-video-preview:-1"},"canonical":"https:\/\/ilogistic.hu\/en\/visszaeles-bejelentes\/","og_locale":"en_US","og_type":"article","og_title":"Vissza\u00e9l\u00e9s bejelent\u00e9se - ilogistic","og_description":"Vissza\u00e9l\u00e9s-bejelent\u0151 rendszer Az iLogistic Kft., mint a GLS csoport tagja a panaszokr\u00f3l, a k\u00f6z\u00e9rdek\u0171 bejelent\u00e9sekr\u0151l, valamint a vissza\u00e9l\u00e9sek bejelent\u00e9s\u00e9vel \u00f6sszef\u00fcgg\u0151 szab\u00e1lyokr\u00f3l sz\u00f3l\u00f3 2023. \u00e9vi XXV. t\u00f6rv\u00e9ny (Panaszt\u00f6rv\u00e9ny) \u00e1ltal meghat\u00e1rozott k\u00f6telezetts\u00e9g\u00e9nek eleget t\u00e9ve vissza\u00e9l\u00e9s-bejelent\u00e9si rendszert m\u0171k\u00f6dtet. A vissza\u00e9l\u00e9s-bejelent\u00e9si rendszer lehet\u0151v\u00e9 teszi, hogy az iLogistic Kft. munkav\u00e1llal\u00f3i, \u00fczleti partnerei \u00e9s egy\u00e9b \u00e9rdekeltek jogellenes vagy jogellenesnek felt\u00e9telezett cselekm\u00e9nyr\u0151l [&hellip;]","og_url":"https:\/\/ilogistic.hu\/en\/visszaeles-bejelentes\/","og_site_name":"ilogistic","article_publisher":"https:\/\/www.facebook.com\/iLogistickft","article_modified_time":"2025-11-06T14:17:27+00:00","og_image":[{"url":"https:\/\/ilogistic.hu\/wp-content\/uploads\/2025\/09\/decoration-bloom-full.svg","type":"","width":"","height":""}],"twitter_card":"summary_large_image","twitter_misc":{"Est. reading time":"3 minutes"},"schema":{"@context":"https:\/\/schema.org","@graph":[{"@type":"WebPage","@id":"https:\/\/ilogistic.hu\/visszaeles-bejelentes\/","url":"https:\/\/ilogistic.hu\/visszaeles-bejelentes\/","name":"Vissza\u00e9l\u00e9s bejelent\u00e9se - ilogistic","isPartOf":{"@id":"https:\/\/ilogistic.hu\/#website"},"primaryImageOfPage":{"@id":"https:\/\/ilogistic.hu\/visszaeles-bejelentes\/#primaryimage"},"image":{"@id":"https:\/\/ilogistic.hu\/visszaeles-bejelentes\/#primaryimage"},"thumbnailUrl":"https:\/\/ilogistic.hu\/wp-content\/uploads\/2025\/09\/decoration-bloom-full.svg","datePublished":"2025-10-06T17:11:03+00:00","dateModified":"2025-11-06T14:17:27+00:00","breadcrumb":{"@id":"https:\/\/ilogistic.hu\/visszaeles-bejelentes\/#breadcrumb"},"inLanguage":"en-US","potentialAction":[{"@type":"ReadAction","target":["https:\/\/ilogistic.hu\/visszaeles-bejelentes\/"]}]},{"@type":"ImageObject","inLanguage":"en-US","@id":"https:\/\/ilogistic.hu\/visszaeles-bejelentes\/#primaryimage","url":"https:\/\/ilogistic.hu\/wp-content\/uploads\/2025\/09\/decoration-bloom-full.svg","contentUrl":"https:\/\/ilogistic.hu\/wp-content\/uploads\/2025\/09\/decoration-bloom-full.svg"},{"@type":"BreadcrumbList","@id":"https:\/\/ilogistic.hu\/visszaeles-bejelentes\/#breadcrumb","itemListElement":[{"@type":"ListItem","position":1,"name":"Home","item":"https:\/\/ilogistic.hu\/"},{"@type":"ListItem","position":2,"name":"Vissza\u00e9l\u00e9s bejelent\u00e9se"}]},{"@type":"WebSite","@id":"https:\/\/ilogistic.hu\/#website","url":"https:\/\/ilogistic.hu\/","name":"ilogistic","description":"","publisher":{"@id":"https:\/\/ilogistic.hu\/#organization"},"potentialAction":[{"@type":"SearchAction","target":{"@type":"EntryPoint","urlTemplate":"https:\/\/ilogistic.hu\/?s={search_term_string}"},"query-input":{"@type":"PropertyValueSpecification","valueRequired":true,"valueName":"search_term_string"}}],"inLanguage":"en-US"},{"@type":"Organization","@id":"https:\/\/ilogistic.hu\/#organization","name":"ilogistic Kft.","url":"https:\/\/ilogistic.hu\/","logo":{"@type":"ImageObject","inLanguage":"en-US","@id":"https:\/\/ilogistic.hu\/#\/schema\/logo\/image\/","url":"https:\/\/ilogistic.hu\/wp-content\/uploads\/2025\/09\/df41125117f48d2a02cf46d918987dcd.png","contentUrl":"https:\/\/ilogistic.hu\/wp-content\/uploads\/2025\/09\/df41125117f48d2a02cf46d918987dcd.png","width":123,"height":24,"caption":"ilogistic Kft."},"image":{"@id":"https:\/\/ilogistic.hu\/#\/schema\/logo\/image\/"},"sameAs":["https:\/\/www.facebook.com\/iLogistickft"]}]}},"_links":{"self":[{"href":"https:\/\/ilogistic.hu\/en\/wp-json\/wp\/v2\/pages\/1968","targetHints":{"allow":["GET"]}}],"collection":[{"href":"https:\/\/ilogistic.hu\/en\/wp-json\/wp\/v2\/pages"}],"about":[{"href":"https:\/\/ilogistic.hu\/en\/wp-json\/wp\/v2\/types\/page"}],"author":[{"embeddable":true,"href":"https:\/\/ilogistic.hu\/en\/wp-json\/wp\/v2\/users\/1"}],"replies":[{"embeddable":true,"href":"https:\/\/ilogistic.hu\/en\/wp-json\/wp\/v2\/comments?post=1968"}],"version-history":[{"count":8,"href":"https:\/\/ilogistic.hu\/en\/wp-json\/wp\/v2\/pages\/1968\/revisions"}],"predecessor-version":[{"id":9531,"href":"https:\/\/ilogistic.hu\/en\/wp-json\/wp\/v2\/pages\/1968\/revisions\/9531"}],"wp:attachment":[{"href":"https:\/\/ilogistic.hu\/en\/wp-json\/wp\/v2\/media?parent=1968"}],"curies":[{"name":"wp","href":"https:\/\/api.w.org\/{rel}","templated":true}]}}