{"id":1977,"date":"2025-10-06T17:13:37","date_gmt":"2025-10-06T17:13:37","guid":{"rendered":"https:\/\/ilogistic.hu\/?page_id=1977"},"modified":"2025-11-06T14:17:09","modified_gmt":"2025-11-06T14:17:09","slug":"palyazat","status":"publish","type":"page","link":"https:\/\/ilogistic.hu\/en\/palyazat\/","title":{"rendered":"Tender"},"content":{"rendered":"<div data-elementor-type=\"wp-page\" data-elementor-id=\"1977\" class=\"elementor elementor-1977\" data-elementor-post-type=\"page\">\n\t\t\t\t<div class=\"elementor-element elementor-element-4b3cf92 e-con-full e-flex e-con e-parent\" data-id=\"4b3cf92\" data-element_type=\"container\" data-e-type=\"container\" data-settings=\"{&quot;background_background&quot;:&quot;classic&quot;}\">\n\t\t<div class=\"elementor-element elementor-element-7174b50 e-con-full e-flex e-con e-child\" data-id=\"7174b50\" data-element_type=\"container\" data-e-type=\"container\">\n\t\t\t\t<div class=\"elementor-element elementor-element-b5498ee elementor-widget__width-initial elementor-widget elementor-widget-heading\" data-id=\"b5498ee\" data-element_type=\"widget\" data-e-type=\"widget\" data-widget_type=\"heading.default\">\n\t\t\t\t\t<div class=\"elementor-heading-title elementor-size-default\">Tender<\/div>\t\t\t\t<\/div>\n\t\t\t\t<div class=\"elementor-element elementor-element-bd3d914 elementor-widget__width-initial elementor-widget elementor-widget-text-editor\" data-id=\"bd3d914\" data-element_type=\"widget\" data-e-type=\"widget\" data-widget_type=\"text-editor.default\">\n\t\t\t\t\t\t\t\t\t<section class=\"block container-halfW index-scroll-animated_section index\" data-friction=\"0.25\"><div class=\"section_container_des content-section_responsive\"><div class=\"description_text2 full\"><h1 class=\"title h1\">VEKOP-8.3.2<\/h1><\/div><\/div><\/section><div style=\"border-left: 5px solid white; padding-left: 10px;\"><p>P\u00e1ly\u00e1zat c\u00edme:<br \/><b>Gyakornoki program az iLogistic Kft-n\u00e9l<\/b><\/p><p>A vissza nem t\u00e9r\u00edtend\u0151 t\u00e1mogat\u00e1s \u00f6sszege:<br \/><b>5 259 268 Ft<\/b><\/p><p>Kedvezm\u00e9nyezett neve:<br \/><b>iLogistic Kft.<\/b><\/p><p>Projektazonos\u00edt\u00f3:<br \/><b>VEKOP-8.3.2-18-2018-00141<\/b><\/p><p>T\u00e1mogat\u00e1si intenzit\u00e1s:<br \/><b>80%<\/b><\/p><p>\u00d6sszefoglal\u00f3:<br \/><b>A<br \/>projekt keret\u00e9n bel\u00fcl 2 f\u0151, 25 \u00e9v alatti p\u00e1lyakezd\u0151 fiatalt<br \/>foglalkoztatunk v\u00e1llalkoz\u00e1sunkn\u00e1l, kikkel a 13,5 h\u00f3napos<br \/>projektmegval\u00f3s\u00edt\u00e1s sor\u00e1n hat\u00e9kony egy\u00fcttm\u0171k\u00f6d\u00e9st alak\u00edtunk ki, oszlopos<br \/>tagjaiv\u00e1 v\u00e1lnak v\u00e1llalkoz\u00e1sunknak.<\/b><\/p><p>A projekt tervezett befejez\u00e9si d\u00e1tuma: <br \/><b>2021.08.01.<\/b><\/p><\/div><h1>VEKOP-1.2.6<\/h1><div style=\"border-left: 5px solid white; padding-left: 10px;\"><p>P\u00e1ly\u00e1zat c\u00edme:<br \/><b>Modern \u00fczleti \u00e9s termel\u00e9si kih\u00edv\u00e1sokhoz val\u00f3 alkalmazkod\u00e1s\u00e1t seg\u00edt\u0151 fejleszt\u00e9sek t\u00e1mogat\u00e1sa az iLogistic Kft.-n\u00e9l<\/b><\/p><p>A vissza nem t\u00e9r\u00edtend\u0151 t\u00e1mogat\u00e1s \u00f6sszege:<br \/><b>23 500 000 Ft<\/b><\/p><p>Kedvezm\u00e9nyezett neve:<br \/><b>iLogistic Kft.<\/b><\/p><p>Projektazonos\u00edt\u00f3:<br \/><b>VEKOP-1.2.6-20-2020-01426<\/b><\/p><p>T\u00e1mogat\u00e1si intenzit\u00e1s:<br \/><b>70%<\/b><\/p><p>\u00d6sszefoglal\u00f3:<br \/><b>Termel\u00e9si<br \/>hat\u00e9konys\u00e1g n\u00f6vel\u00e9se az iLogistic Kft. biatorb\u00e1gyi telephely\u00e9n. A<br \/>projekt keret\u00e9n bel\u00fcl k\u00fcl\u00f6nf\u00e9le eszk\u00f6z\u00f6k beszerz\u00e9s\u00e9vel seg\u00edtett\u00fck<br \/>v\u00e1llalkoz\u00e1sunk m\u0171k\u00f6d\u00e9s\u00e9t, ez\u00e1ltal el\u0151seg\u00edtve a l\u00e9tsz\u00e1mtart\u00e1st.<\/b><\/p><p>A projekt tervezett befejez\u00e9si d\u00e1tuma: <br \/><b>2022.02.28.<\/b><\/p><\/div>\t\t\t\t\t\t\t\t<\/div>\n\t\t\t\t<\/div>\n\t\t\t\t<div class=\"elementor-element elementor-element-95aea43 elementor-absolute elementor-widget elementor-widget-image\" data-id=\"95aea43\" data-element_type=\"widget\" data-e-type=\"widget\" data-settings=\"{&quot;_position&quot;:&quot;absolute&quot;}\" data-widget_type=\"image.default\">\n\t\t\t\t\t\t\t\t\t\t\t\t\t\t\t<img fetchpriority=\"high\" decoding=\"async\" width=\"1059\" height=\"1238\" src=\"https:\/\/ilogistic.hu\/wp-content\/uploads\/2025\/09\/decoration-bloom-full.svg\" class=\"attachment-full size-full wp-image-1308\" alt=\"\" \/>\t\t\t\t\t\t\t\t\t\t\t\t\t\t\t<\/div>\n\t\t\t\t<div class=\"elementor-element elementor-element-01e8dc8 elementor-absolute elementor-widget elementor-widget-image\" data-id=\"01e8dc8\" data-element_type=\"widget\" data-e-type=\"widget\" data-settings=\"{&quot;_position&quot;:&quot;absolute&quot;}\" data-widget_type=\"image.default\">\n\t\t\t\t\t\t\t\t\t\t\t\t\t\t\t<img fetchpriority=\"high\" decoding=\"async\" width=\"1059\" height=\"1238\" src=\"https:\/\/ilogistic.hu\/wp-content\/uploads\/2025\/09\/decoration-bloom-full.svg\" class=\"attachment-full size-full wp-image-1308\" alt=\"\" \/>\t\t\t\t\t\t\t\t\t\t\t\t\t\t\t<\/div>\n\t\t\t\t<\/div>\n\t\t\t\t<\/div>","protected":false},"excerpt":{"rendered":"<p>P\u00e1ly\u00e1zat VEKOP-8.3.2 P\u00e1ly\u00e1zat c\u00edme:Gyakornoki program az iLogistic Kft-n\u00e9l A vissza nem t\u00e9r\u00edtend\u0151 t\u00e1mogat\u00e1s \u00f6sszege:5 259 268 Ft Kedvezm\u00e9nyezett neve:iLogistic Kft. Projektazonos\u00edt\u00f3:VEKOP-8.3.2-18-2018-00141 T\u00e1mogat\u00e1si intenzit\u00e1s:80% \u00d6sszefoglal\u00f3:Aprojekt keret\u00e9n bel\u00fcl 2 f\u0151, 25 \u00e9v alatti p\u00e1lyakezd\u0151 fiataltfoglalkoztatunk v\u00e1llalkoz\u00e1sunkn\u00e1l, kikkel a 13,5 h\u00f3naposprojektmegval\u00f3s\u00edt\u00e1s sor\u00e1n hat\u00e9kony egy\u00fcttm\u0171k\u00f6d\u00e9st alak\u00edtunk ki, oszlopostagjaiv\u00e1 v\u00e1lnak v\u00e1llalkoz\u00e1sunknak. A projekt tervezett befejez\u00e9si d\u00e1tuma: 2021.08.01. VEKOP-1.2.6 P\u00e1ly\u00e1zat c\u00edme:Modern [&hellip;]<\/p>\n","protected":false},"author":1,"featured_media":0,"parent":0,"menu_order":0,"comment_status":"closed","ping_status":"closed","template":"","meta":{"_acf_changed":false,"footnotes":""},"class_list":["post-1977","page","type-page","status-publish","hentry"],"acf":[],"yoast_head":"<!-- This site is optimized with the Yoast SEO plugin v27.1.1 - https:\/\/yoast.com\/product\/yoast-seo-wordpress\/ -->\n<title>P\u00e1ly\u00e1zat - ilogistic<\/title>\n<meta name=\"robots\" content=\"index, follow, max-snippet:-1, max-image-preview:large, max-video-preview:-1\" \/>\n<link rel=\"canonical\" href=\"https:\/\/ilogistic.hu\/en\/palyazat\/\" \/>\n<meta property=\"og:locale\" content=\"en_US\" \/>\n<meta property=\"og:type\" content=\"article\" \/>\n<meta property=\"og:title\" content=\"P\u00e1ly\u00e1zat - ilogistic\" \/>\n<meta property=\"og:description\" content=\"P\u00e1ly\u00e1zat VEKOP-8.3.2 P\u00e1ly\u00e1zat c\u00edme:Gyakornoki program az iLogistic Kft-n\u00e9l A vissza nem t\u00e9r\u00edtend\u0151 t\u00e1mogat\u00e1s \u00f6sszege:5 259 268 Ft Kedvezm\u00e9nyezett neve:iLogistic Kft. Projektazonos\u00edt\u00f3:VEKOP-8.3.2-18-2018-00141 T\u00e1mogat\u00e1si intenzit\u00e1s:80% \u00d6sszefoglal\u00f3:Aprojekt keret\u00e9n bel\u00fcl 2 f\u0151, 25 \u00e9v alatti p\u00e1lyakezd\u0151 fiataltfoglalkoztatunk v\u00e1llalkoz\u00e1sunkn\u00e1l, kikkel a 13,5 h\u00f3naposprojektmegval\u00f3s\u00edt\u00e1s sor\u00e1n hat\u00e9kony egy\u00fcttm\u0171k\u00f6d\u00e9st alak\u00edtunk ki, oszlopostagjaiv\u00e1 v\u00e1lnak v\u00e1llalkoz\u00e1sunknak. A projekt tervezett befejez\u00e9si d\u00e1tuma: 2021.08.01. VEKOP-1.2.6 P\u00e1ly\u00e1zat c\u00edme:Modern [&hellip;]\" \/>\n<meta property=\"og:url\" content=\"https:\/\/ilogistic.hu\/en\/palyazat\/\" \/>\n<meta property=\"og:site_name\" content=\"ilogistic\" \/>\n<meta property=\"article:publisher\" content=\"https:\/\/www.facebook.com\/iLogistickft\" \/>\n<meta property=\"article:modified_time\" content=\"2025-11-06T14:17:09+00:00\" \/>\n<meta property=\"og:image\" content=\"https:\/\/ilogistic.hu\/wp-content\/uploads\/2025\/09\/decoration-bloom-full.svg\" \/>\n<meta name=\"twitter:card\" content=\"summary_large_image\" \/>\n<meta name=\"twitter:label1\" content=\"Est. reading time\" \/>\n\t<meta name=\"twitter:data1\" content=\"1 minute\" \/>\n<script type=\"application\/ld+json\" class=\"yoast-schema-graph\">{\"@context\":\"https:\/\/schema.org\",\"@graph\":[{\"@type\":\"WebPage\",\"@id\":\"https:\/\/ilogistic.hu\/palyazat\/\",\"url\":\"https:\/\/ilogistic.hu\/palyazat\/\",\"name\":\"P\u00e1ly\u00e1zat - ilogistic\",\"isPartOf\":{\"@id\":\"https:\/\/ilogistic.hu\/#website\"},\"primaryImageOfPage\":{\"@id\":\"https:\/\/ilogistic.hu\/palyazat\/#primaryimage\"},\"image\":{\"@id\":\"https:\/\/ilogistic.hu\/palyazat\/#primaryimage\"},\"thumbnailUrl\":\"https:\/\/ilogistic.hu\/wp-content\/uploads\/2025\/09\/decoration-bloom-full.svg\",\"datePublished\":\"2025-10-06T17:13:37+00:00\",\"dateModified\":\"2025-11-06T14:17:09+00:00\",\"breadcrumb\":{\"@id\":\"https:\/\/ilogistic.hu\/palyazat\/#breadcrumb\"},\"inLanguage\":\"en-US\",\"potentialAction\":[{\"@type\":\"ReadAction\",\"target\":[\"https:\/\/ilogistic.hu\/palyazat\/\"]}]},{\"@type\":\"ImageObject\",\"inLanguage\":\"en-US\",\"@id\":\"https:\/\/ilogistic.hu\/palyazat\/#primaryimage\",\"url\":\"https:\/\/ilogistic.hu\/wp-content\/uploads\/2025\/09\/decoration-bloom-full.svg\",\"contentUrl\":\"https:\/\/ilogistic.hu\/wp-content\/uploads\/2025\/09\/decoration-bloom-full.svg\"},{\"@type\":\"BreadcrumbList\",\"@id\":\"https:\/\/ilogistic.hu\/palyazat\/#breadcrumb\",\"itemListElement\":[{\"@type\":\"ListItem\",\"position\":1,\"name\":\"Home\",\"item\":\"https:\/\/ilogistic.hu\/\"},{\"@type\":\"ListItem\",\"position\":2,\"name\":\"P\u00e1ly\u00e1zat\"}]},{\"@type\":\"WebSite\",\"@id\":\"https:\/\/ilogistic.hu\/#website\",\"url\":\"https:\/\/ilogistic.hu\/\",\"name\":\"ilogistic\",\"description\":\"\",\"publisher\":{\"@id\":\"https:\/\/ilogistic.hu\/#organization\"},\"potentialAction\":[{\"@type\":\"SearchAction\",\"target\":{\"@type\":\"EntryPoint\",\"urlTemplate\":\"https:\/\/ilogistic.hu\/?s={search_term_string}\"},\"query-input\":{\"@type\":\"PropertyValueSpecification\",\"valueRequired\":true,\"valueName\":\"search_term_string\"}}],\"inLanguage\":\"en-US\"},{\"@type\":\"Organization\",\"@id\":\"https:\/\/ilogistic.hu\/#organization\",\"name\":\"ilogistic Kft.\",\"url\":\"https:\/\/ilogistic.hu\/\",\"logo\":{\"@type\":\"ImageObject\",\"inLanguage\":\"en-US\",\"@id\":\"https:\/\/ilogistic.hu\/#\/schema\/logo\/image\/\",\"url\":\"https:\/\/ilogistic.hu\/wp-content\/uploads\/2025\/09\/df41125117f48d2a02cf46d918987dcd.png\",\"contentUrl\":\"https:\/\/ilogistic.hu\/wp-content\/uploads\/2025\/09\/df41125117f48d2a02cf46d918987dcd.png\",\"width\":123,\"height\":24,\"caption\":\"ilogistic Kft.\"},\"image\":{\"@id\":\"https:\/\/ilogistic.hu\/#\/schema\/logo\/image\/\"},\"sameAs\":[\"https:\/\/www.facebook.com\/iLogistickft\"]}]}<\/script>\n<!-- \/ Yoast SEO plugin. -->","yoast_head_json":{"title":"P\u00e1ly\u00e1zat - ilogistic","robots":{"index":"index","follow":"follow","max-snippet":"max-snippet:-1","max-image-preview":"max-image-preview:large","max-video-preview":"max-video-preview:-1"},"canonical":"https:\/\/ilogistic.hu\/en\/palyazat\/","og_locale":"en_US","og_type":"article","og_title":"P\u00e1ly\u00e1zat - ilogistic","og_description":"P\u00e1ly\u00e1zat VEKOP-8.3.2 P\u00e1ly\u00e1zat c\u00edme:Gyakornoki program az iLogistic Kft-n\u00e9l A vissza nem t\u00e9r\u00edtend\u0151 t\u00e1mogat\u00e1s \u00f6sszege:5 259 268 Ft Kedvezm\u00e9nyezett neve:iLogistic Kft. Projektazonos\u00edt\u00f3:VEKOP-8.3.2-18-2018-00141 T\u00e1mogat\u00e1si intenzit\u00e1s:80% \u00d6sszefoglal\u00f3:Aprojekt keret\u00e9n bel\u00fcl 2 f\u0151, 25 \u00e9v alatti p\u00e1lyakezd\u0151 fiataltfoglalkoztatunk v\u00e1llalkoz\u00e1sunkn\u00e1l, kikkel a 13,5 h\u00f3naposprojektmegval\u00f3s\u00edt\u00e1s sor\u00e1n hat\u00e9kony egy\u00fcttm\u0171k\u00f6d\u00e9st alak\u00edtunk ki, oszlopostagjaiv\u00e1 v\u00e1lnak v\u00e1llalkoz\u00e1sunknak. A projekt tervezett befejez\u00e9si d\u00e1tuma: 2021.08.01. VEKOP-1.2.6 P\u00e1ly\u00e1zat c\u00edme:Modern [&hellip;]","og_url":"https:\/\/ilogistic.hu\/en\/palyazat\/","og_site_name":"ilogistic","article_publisher":"https:\/\/www.facebook.com\/iLogistickft","article_modified_time":"2025-11-06T14:17:09+00:00","og_image":[{"url":"https:\/\/ilogistic.hu\/wp-content\/uploads\/2025\/09\/decoration-bloom-full.svg","type":"","width":"","height":""}],"twitter_card":"summary_large_image","twitter_misc":{"Est. reading time":"1 minute"},"schema":{"@context":"https:\/\/schema.org","@graph":[{"@type":"WebPage","@id":"https:\/\/ilogistic.hu\/palyazat\/","url":"https:\/\/ilogistic.hu\/palyazat\/","name":"P\u00e1ly\u00e1zat - ilogistic","isPartOf":{"@id":"https:\/\/ilogistic.hu\/#website"},"primaryImageOfPage":{"@id":"https:\/\/ilogistic.hu\/palyazat\/#primaryimage"},"image":{"@id":"https:\/\/ilogistic.hu\/palyazat\/#primaryimage"},"thumbnailUrl":"https:\/\/ilogistic.hu\/wp-content\/uploads\/2025\/09\/decoration-bloom-full.svg","datePublished":"2025-10-06T17:13:37+00:00","dateModified":"2025-11-06T14:17:09+00:00","breadcrumb":{"@id":"https:\/\/ilogistic.hu\/palyazat\/#breadcrumb"},"inLanguage":"en-US","potentialAction":[{"@type":"ReadAction","target":["https:\/\/ilogistic.hu\/palyazat\/"]}]},{"@type":"ImageObject","inLanguage":"en-US","@id":"https:\/\/ilogistic.hu\/palyazat\/#primaryimage","url":"https:\/\/ilogistic.hu\/wp-content\/uploads\/2025\/09\/decoration-bloom-full.svg","contentUrl":"https:\/\/ilogistic.hu\/wp-content\/uploads\/2025\/09\/decoration-bloom-full.svg"},{"@type":"BreadcrumbList","@id":"https:\/\/ilogistic.hu\/palyazat\/#breadcrumb","itemListElement":[{"@type":"ListItem","position":1,"name":"Home","item":"https:\/\/ilogistic.hu\/"},{"@type":"ListItem","position":2,"name":"P\u00e1ly\u00e1zat"}]},{"@type":"WebSite","@id":"https:\/\/ilogistic.hu\/#website","url":"https:\/\/ilogistic.hu\/","name":"ilogistic","description":"","publisher":{"@id":"https:\/\/ilogistic.hu\/#organization"},"potentialAction":[{"@type":"SearchAction","target":{"@type":"EntryPoint","urlTemplate":"https:\/\/ilogistic.hu\/?s={search_term_string}"},"query-input":{"@type":"PropertyValueSpecification","valueRequired":true,"valueName":"search_term_string"}}],"inLanguage":"en-US"},{"@type":"Organization","@id":"https:\/\/ilogistic.hu\/#organization","name":"ilogistic Kft.","url":"https:\/\/ilogistic.hu\/","logo":{"@type":"ImageObject","inLanguage":"en-US","@id":"https:\/\/ilogistic.hu\/#\/schema\/logo\/image\/","url":"https:\/\/ilogistic.hu\/wp-content\/uploads\/2025\/09\/df41125117f48d2a02cf46d918987dcd.png","contentUrl":"https:\/\/ilogistic.hu\/wp-content\/uploads\/2025\/09\/df41125117f48d2a02cf46d918987dcd.png","width":123,"height":24,"caption":"ilogistic Kft."},"image":{"@id":"https:\/\/ilogistic.hu\/#\/schema\/logo\/image\/"},"sameAs":["https:\/\/www.facebook.com\/iLogistickft"]}]}},"_links":{"self":[{"href":"https:\/\/ilogistic.hu\/en\/wp-json\/wp\/v2\/pages\/1977","targetHints":{"allow":["GET"]}}],"collection":[{"href":"https:\/\/ilogistic.hu\/en\/wp-json\/wp\/v2\/pages"}],"about":[{"href":"https:\/\/ilogistic.hu\/en\/wp-json\/wp\/v2\/types\/page"}],"author":[{"embeddable":true,"href":"https:\/\/ilogistic.hu\/en\/wp-json\/wp\/v2\/users\/1"}],"replies":[{"embeddable":true,"href":"https:\/\/ilogistic.hu\/en\/wp-json\/wp\/v2\/comments?post=1977"}],"version-history":[{"count":7,"href":"https:\/\/ilogistic.hu\/en\/wp-json\/wp\/v2\/pages\/1977\/revisions"}],"predecessor-version":[{"id":9528,"href":"https:\/\/ilogistic.hu\/en\/wp-json\/wp\/v2\/pages\/1977\/revisions\/9528"}],"wp:attachment":[{"href":"https:\/\/ilogistic.hu\/en\/wp-json\/wp\/v2\/media?parent=1977"}],"curies":[{"name":"wp","href":"https:\/\/api.w.org\/{rel}","templated":true}]}}