{"id":1988,"date":"2025-10-06T17:22:33","date_gmt":"2025-10-06T17:22:33","guid":{"rendered":"https:\/\/ilogistic.hu\/?page_id=1988"},"modified":"2025-11-06T14:17:43","modified_gmt":"2025-11-06T14:17:43","slug":"impresszum","status":"publish","type":"page","link":"https:\/\/ilogistic.hu\/en\/impresszum\/","title":{"rendered":"Impresszum"},"content":{"rendered":"<div data-elementor-type=\"wp-page\" data-elementor-id=\"1988\" class=\"elementor elementor-1988\" data-elementor-post-type=\"page\">\n\t\t\t\t<div class=\"elementor-element elementor-element-4b3cf92 e-con-full e-flex e-con e-parent\" data-id=\"4b3cf92\" data-element_type=\"container\" data-e-type=\"container\" data-settings=\"{&quot;background_background&quot;:&quot;classic&quot;}\">\n\t\t<div class=\"elementor-element elementor-element-7174b50 e-con-full e-flex e-con e-child\" data-id=\"7174b50\" data-element_type=\"container\" data-e-type=\"container\">\n\t\t\t\t<div class=\"elementor-element elementor-element-b5498ee elementor-widget__width-initial elementor-widget elementor-widget-heading\" data-id=\"b5498ee\" data-element_type=\"widget\" data-e-type=\"widget\" data-widget_type=\"heading.default\">\n\t\t\t\t\t<div class=\"elementor-heading-title elementor-size-default\">Impresszum<\/div>\t\t\t\t<\/div>\n\t\t\t\t<div class=\"elementor-element elementor-element-bd3d914 elementor-widget__width-initial elementor-widget elementor-widget-text-editor\" data-id=\"bd3d914\" data-element_type=\"widget\" data-e-type=\"widget\" data-widget_type=\"text-editor.default\">\n\t\t\t\t\t\t\t\t\t<p><strong>C\u00e9gn\u00e9v:<\/strong> iLogistic Logisztikai Kft.<br \/><strong>Sz\u00e9khely:<\/strong> 2051 Biatorb\u00e1gy, Vereb\u00e9ly L\u00e1szl\u00f3 utca 2.\u00a0<br \/><strong>C\u00e9gjegyz\u00e9ksz\u00e1m:<\/strong> 13 09 185133<br \/><strong>Ad\u00f3sz\u00e1m:<\/strong>\u00a013737467-2-13<br \/><strong>K\u00e9pvisel\u0151:<\/strong> Csereklyei B\u00e1lint \u00fcgyvezet\u0151<br \/><strong>Telefonsz\u00e1m:<\/strong> +36 23 804 211<br \/><strong>E-mail c\u00edm:\u00a0<\/strong>sales@ilogistic.hu<br \/><strong>Honlap:<\/strong>\u00a0<a href=\"https:\/\/ilogistic.hu\/en\/\" target=\"_blank\" rel=\"noopener\">www.ilogistic.hu<\/a><br \/><br \/><\/p>\t\t\t\t\t\t\t\t<\/div>\n\t\t\t\t<\/div>\n\t\t\t\t<div class=\"elementor-element elementor-element-95aea43 elementor-absolute elementor-widget elementor-widget-image\" data-id=\"95aea43\" data-element_type=\"widget\" data-e-type=\"widget\" data-settings=\"{&quot;_position&quot;:&quot;absolute&quot;}\" data-widget_type=\"image.default\">\n\t\t\t\t\t\t\t\t\t\t\t\t\t\t\t<img fetchpriority=\"high\" decoding=\"async\" width=\"1059\" height=\"1238\" src=\"https:\/\/ilogistic.hu\/wp-content\/uploads\/2025\/09\/decoration-bloom-full.svg\" class=\"attachment-full size-full wp-image-1308\" alt=\"\" \/>\t\t\t\t\t\t\t\t\t\t\t\t\t\t\t<\/div>\n\t\t\t\t<div class=\"elementor-element elementor-element-01e8dc8 elementor-absolute elementor-widget elementor-widget-image\" data-id=\"01e8dc8\" data-element_type=\"widget\" data-e-type=\"widget\" data-settings=\"{&quot;_position&quot;:&quot;absolute&quot;}\" data-widget_type=\"image.default\">\n\t\t\t\t\t\t\t\t\t\t\t\t\t\t\t<img fetchpriority=\"high\" decoding=\"async\" width=\"1059\" height=\"1238\" src=\"https:\/\/ilogistic.hu\/wp-content\/uploads\/2025\/09\/decoration-bloom-full.svg\" class=\"attachment-full size-full wp-image-1308\" alt=\"\" \/>\t\t\t\t\t\t\t\t\t\t\t\t\t\t\t<\/div>\n\t\t\t\t<\/div>\n\t\t\t\t<\/div>","protected":false},"excerpt":{"rendered":"<p>Impresszum C\u00e9gn\u00e9v: iLogistic Logisztikai Kft.Sz\u00e9khely: 2051 Biatorb\u00e1gy, Vereb\u00e9ly L\u00e1szl\u00f3 utca 2.\u00a0C\u00e9gjegyz\u00e9ksz\u00e1m: 13 09 185133Ad\u00f3sz\u00e1m:\u00a013737467-2-13K\u00e9pvisel\u0151: Csereklyei B\u00e1lint \u00fcgyvezet\u0151Telefonsz\u00e1m: +36 23 804 211E-mail c\u00edm:\u00a0sales@ilogistic.huHonlap:\u00a0www.ilogistic.hu<\/p>","protected":false},"author":1,"featured_media":0,"parent":0,"menu_order":0,"comment_status":"closed","ping_status":"closed","template":"","meta":{"_acf_changed":false,"footnotes":""},"class_list":["post-1988","page","type-page","status-publish","hentry"],"acf":[],"yoast_head":"<!-- This site is optimized with the Yoast SEO plugin v27.1.1 - https:\/\/yoast.com\/product\/yoast-seo-wordpress\/ -->\n<title>Impresszum - ilogistic<\/title>\n<meta name=\"robots\" content=\"index, follow, max-snippet:-1, max-image-preview:large, max-video-preview:-1\" \/>\n<link rel=\"canonical\" href=\"https:\/\/ilogistic.hu\/en\/impresszum\/\" \/>\n<meta property=\"og:locale\" content=\"en_US\" \/>\n<meta property=\"og:type\" content=\"article\" \/>\n<meta property=\"og:title\" content=\"Impresszum - ilogistic\" \/>\n<meta property=\"og:description\" content=\"Impresszum C\u00e9gn\u00e9v: iLogistic Logisztikai Kft.Sz\u00e9khely: 2051 Biatorb\u00e1gy, Vereb\u00e9ly L\u00e1szl\u00f3 utca 2.\u00a0C\u00e9gjegyz\u00e9ksz\u00e1m: 13 09 185133Ad\u00f3sz\u00e1m:\u00a013737467-2-13K\u00e9pvisel\u0151: Csereklyei B\u00e1lint \u00fcgyvezet\u0151Telefonsz\u00e1m: +36 23 804 211E-mail c\u00edm:\u00a0sales@ilogistic.huHonlap:\u00a0www.ilogistic.hu\" \/>\n<meta property=\"og:url\" content=\"https:\/\/ilogistic.hu\/en\/impresszum\/\" \/>\n<meta property=\"og:site_name\" content=\"ilogistic\" \/>\n<meta property=\"article:publisher\" content=\"https:\/\/www.facebook.com\/iLogistickft\" \/>\n<meta property=\"article:modified_time\" content=\"2025-11-06T14:17:43+00:00\" \/>\n<meta property=\"og:image\" content=\"https:\/\/ilogistic.hu\/wp-content\/uploads\/2025\/09\/decoration-bloom-full.svg\" \/>\n<meta name=\"twitter:card\" content=\"summary_large_image\" \/>\n<meta name=\"twitter:label1\" content=\"Est. reading time\" \/>\n\t<meta name=\"twitter:data1\" content=\"1 minute\" \/>\n<script type=\"application\/ld+json\" class=\"yoast-schema-graph\">{\"@context\":\"https:\/\/schema.org\",\"@graph\":[{\"@type\":\"WebPage\",\"@id\":\"https:\/\/ilogistic.hu\/impresszum\/\",\"url\":\"https:\/\/ilogistic.hu\/impresszum\/\",\"name\":\"Impresszum - ilogistic\",\"isPartOf\":{\"@id\":\"https:\/\/ilogistic.hu\/#website\"},\"primaryImageOfPage\":{\"@id\":\"https:\/\/ilogistic.hu\/impresszum\/#primaryimage\"},\"image\":{\"@id\":\"https:\/\/ilogistic.hu\/impresszum\/#primaryimage\"},\"thumbnailUrl\":\"https:\/\/ilogistic.hu\/wp-content\/uploads\/2025\/09\/decoration-bloom-full.svg\",\"datePublished\":\"2025-10-06T17:22:33+00:00\",\"dateModified\":\"2025-11-06T14:17:43+00:00\",\"breadcrumb\":{\"@id\":\"https:\/\/ilogistic.hu\/impresszum\/#breadcrumb\"},\"inLanguage\":\"en-US\",\"potentialAction\":[{\"@type\":\"ReadAction\",\"target\":[\"https:\/\/ilogistic.hu\/impresszum\/\"]}]},{\"@type\":\"ImageObject\",\"inLanguage\":\"en-US\",\"@id\":\"https:\/\/ilogistic.hu\/impresszum\/#primaryimage\",\"url\":\"https:\/\/ilogistic.hu\/wp-content\/uploads\/2025\/09\/decoration-bloom-full.svg\",\"contentUrl\":\"https:\/\/ilogistic.hu\/wp-content\/uploads\/2025\/09\/decoration-bloom-full.svg\"},{\"@type\":\"BreadcrumbList\",\"@id\":\"https:\/\/ilogistic.hu\/impresszum\/#breadcrumb\",\"itemListElement\":[{\"@type\":\"ListItem\",\"position\":1,\"name\":\"Home\",\"item\":\"https:\/\/ilogistic.hu\/\"},{\"@type\":\"ListItem\",\"position\":2,\"name\":\"Impresszum\"}]},{\"@type\":\"WebSite\",\"@id\":\"https:\/\/ilogistic.hu\/#website\",\"url\":\"https:\/\/ilogistic.hu\/\",\"name\":\"ilogistic\",\"description\":\"\",\"publisher\":{\"@id\":\"https:\/\/ilogistic.hu\/#organization\"},\"potentialAction\":[{\"@type\":\"SearchAction\",\"target\":{\"@type\":\"EntryPoint\",\"urlTemplate\":\"https:\/\/ilogistic.hu\/?s={search_term_string}\"},\"query-input\":{\"@type\":\"PropertyValueSpecification\",\"valueRequired\":true,\"valueName\":\"search_term_string\"}}],\"inLanguage\":\"en-US\"},{\"@type\":\"Organization\",\"@id\":\"https:\/\/ilogistic.hu\/#organization\",\"name\":\"ilogistic Kft.\",\"url\":\"https:\/\/ilogistic.hu\/\",\"logo\":{\"@type\":\"ImageObject\",\"inLanguage\":\"en-US\",\"@id\":\"https:\/\/ilogistic.hu\/#\/schema\/logo\/image\/\",\"url\":\"https:\/\/ilogistic.hu\/wp-content\/uploads\/2025\/09\/df41125117f48d2a02cf46d918987dcd.png\",\"contentUrl\":\"https:\/\/ilogistic.hu\/wp-content\/uploads\/2025\/09\/df41125117f48d2a02cf46d918987dcd.png\",\"width\":123,\"height\":24,\"caption\":\"ilogistic Kft.\"},\"image\":{\"@id\":\"https:\/\/ilogistic.hu\/#\/schema\/logo\/image\/\"},\"sameAs\":[\"https:\/\/www.facebook.com\/iLogistickft\"]}]}<\/script>\n<!-- \/ Yoast SEO plugin. -->","yoast_head_json":{"title":"Impresszum - ilogistic","robots":{"index":"index","follow":"follow","max-snippet":"max-snippet:-1","max-image-preview":"max-image-preview:large","max-video-preview":"max-video-preview:-1"},"canonical":"https:\/\/ilogistic.hu\/en\/impresszum\/","og_locale":"en_US","og_type":"article","og_title":"Impresszum - ilogistic","og_description":"Impresszum C\u00e9gn\u00e9v: iLogistic Logisztikai Kft.Sz\u00e9khely: 2051 Biatorb\u00e1gy, Vereb\u00e9ly L\u00e1szl\u00f3 utca 2.\u00a0C\u00e9gjegyz\u00e9ksz\u00e1m: 13 09 185133Ad\u00f3sz\u00e1m:\u00a013737467-2-13K\u00e9pvisel\u0151: Csereklyei B\u00e1lint \u00fcgyvezet\u0151Telefonsz\u00e1m: +36 23 804 211E-mail c\u00edm:\u00a0sales@ilogistic.huHonlap:\u00a0www.ilogistic.hu","og_url":"https:\/\/ilogistic.hu\/en\/impresszum\/","og_site_name":"ilogistic","article_publisher":"https:\/\/www.facebook.com\/iLogistickft","article_modified_time":"2025-11-06T14:17:43+00:00","og_image":[{"url":"https:\/\/ilogistic.hu\/wp-content\/uploads\/2025\/09\/decoration-bloom-full.svg","type":"","width":"","height":""}],"twitter_card":"summary_large_image","twitter_misc":{"Est. reading time":"1 minute"},"schema":{"@context":"https:\/\/schema.org","@graph":[{"@type":"WebPage","@id":"https:\/\/ilogistic.hu\/impresszum\/","url":"https:\/\/ilogistic.hu\/impresszum\/","name":"Impresszum - ilogistic","isPartOf":{"@id":"https:\/\/ilogistic.hu\/#website"},"primaryImageOfPage":{"@id":"https:\/\/ilogistic.hu\/impresszum\/#primaryimage"},"image":{"@id":"https:\/\/ilogistic.hu\/impresszum\/#primaryimage"},"thumbnailUrl":"https:\/\/ilogistic.hu\/wp-content\/uploads\/2025\/09\/decoration-bloom-full.svg","datePublished":"2025-10-06T17:22:33+00:00","dateModified":"2025-11-06T14:17:43+00:00","breadcrumb":{"@id":"https:\/\/ilogistic.hu\/impresszum\/#breadcrumb"},"inLanguage":"en-US","potentialAction":[{"@type":"ReadAction","target":["https:\/\/ilogistic.hu\/impresszum\/"]}]},{"@type":"ImageObject","inLanguage":"en-US","@id":"https:\/\/ilogistic.hu\/impresszum\/#primaryimage","url":"https:\/\/ilogistic.hu\/wp-content\/uploads\/2025\/09\/decoration-bloom-full.svg","contentUrl":"https:\/\/ilogistic.hu\/wp-content\/uploads\/2025\/09\/decoration-bloom-full.svg"},{"@type":"BreadcrumbList","@id":"https:\/\/ilogistic.hu\/impresszum\/#breadcrumb","itemListElement":[{"@type":"ListItem","position":1,"name":"Home","item":"https:\/\/ilogistic.hu\/"},{"@type":"ListItem","position":2,"name":"Impresszum"}]},{"@type":"WebSite","@id":"https:\/\/ilogistic.hu\/#website","url":"https:\/\/ilogistic.hu\/","name":"ilogistic","description":"","publisher":{"@id":"https:\/\/ilogistic.hu\/#organization"},"potentialAction":[{"@type":"SearchAction","target":{"@type":"EntryPoint","urlTemplate":"https:\/\/ilogistic.hu\/?s={search_term_string}"},"query-input":{"@type":"PropertyValueSpecification","valueRequired":true,"valueName":"search_term_string"}}],"inLanguage":"en-US"},{"@type":"Organization","@id":"https:\/\/ilogistic.hu\/#organization","name":"ilogistic Kft.","url":"https:\/\/ilogistic.hu\/","logo":{"@type":"ImageObject","inLanguage":"en-US","@id":"https:\/\/ilogistic.hu\/#\/schema\/logo\/image\/","url":"https:\/\/ilogistic.hu\/wp-content\/uploads\/2025\/09\/df41125117f48d2a02cf46d918987dcd.png","contentUrl":"https:\/\/ilogistic.hu\/wp-content\/uploads\/2025\/09\/df41125117f48d2a02cf46d918987dcd.png","width":123,"height":24,"caption":"ilogistic Kft."},"image":{"@id":"https:\/\/ilogistic.hu\/#\/schema\/logo\/image\/"},"sameAs":["https:\/\/www.facebook.com\/iLogistickft"]}]}},"_links":{"self":[{"href":"https:\/\/ilogistic.hu\/en\/wp-json\/wp\/v2\/pages\/1988","targetHints":{"allow":["GET"]}}],"collection":[{"href":"https:\/\/ilogistic.hu\/en\/wp-json\/wp\/v2\/pages"}],"about":[{"href":"https:\/\/ilogistic.hu\/en\/wp-json\/wp\/v2\/types\/page"}],"author":[{"embeddable":true,"href":"https:\/\/ilogistic.hu\/en\/wp-json\/wp\/v2\/users\/1"}],"replies":[{"embeddable":true,"href":"https:\/\/ilogistic.hu\/en\/wp-json\/wp\/v2\/comments?post=1988"}],"version-history":[{"count":7,"href":"https:\/\/ilogistic.hu\/en\/wp-json\/wp\/v2\/pages\/1988\/revisions"}],"predecessor-version":[{"id":9534,"href":"https:\/\/ilogistic.hu\/en\/wp-json\/wp\/v2\/pages\/1988\/revisions\/9534"}],"wp:attachment":[{"href":"https:\/\/ilogistic.hu\/en\/wp-json\/wp\/v2\/media?parent=1988"}],"curies":[{"name":"wp","href":"https:\/\/api.w.org\/{rel}","templated":true}]}}